{"id":433,"date":"2025-01-16T09:25:25","date_gmt":"2025-01-16T09:25:25","guid":{"rendered":"https:\/\/revolutiontenerife.com\/?page_id=433"},"modified":"2025-01-16T09:25:25","modified_gmt":"2025-01-16T09:25:25","slug":"politica-de-privacidad","status":"publish","type":"page","link":"https:\/\/revolutiontenerife.com\/es\/politica-de-privacidad\/","title":{"rendered":"Pol\u00edtica de privacidad"},"content":{"rendered":"<p>RESPONSABLE<\/p>\n\n\n\n<ol class=\"wp-block-list\">\n<li>Identidad<br>Empresa: ... - CIF (... - ... - E-Mail: hola@revolutiontenerife.com.<\/li>\n<\/ol>\n\n\n\n<p>Datos de contacto del delegado en protecci\u00f3n de datos: No se dispone de Delegado.<\/p>\n\n\n\n<p>FINALIDADES<\/p>\n\n\n\n<ol start=\"2\" class=\"wp-block-list\">\n<li>Descripci\u00f3n ampliada de la finalidad\/es del tratamiento:<br>Trataremos sus datos (por ejemplo: para la Gesti\u00f3n administrativa, contable y fiscal, pero usted tendr\u00e1 que poner la finalidad de su tratamiento)<\/li>\n<\/ol>\n\n\n\n<p>CONSERVACI\u00d3N<\/p>\n\n\n\n<ol start=\"3\" class=\"wp-block-list\">\n<li>Plazos o criterios de conservaci\u00f3n de los datos:<\/li>\n<\/ol>\n\n\n\n<p>Los datos personales proporcionados se conservar\u00e1n mientras se mantenga la relaci\u00f3n con la entidad y no se solicite su supresi\u00f3n por el interesado, ser\u00e1n conservados conforme a los plazos legales establecidos en materia fiscal y contable, tomando como referencia la \u00faltima comunicaci\u00f3n.<\/p>\n\n\n\n<p>DECISIONES<\/p>\n\n\n\n<ol start=\"4\" class=\"wp-block-list\">\n<li>Decisiones automatizadas, perfiles y l\u00f3gica aplicada:<br>La empresa NO tomar\u00e1 decisiones automatizadas, perfiles \u00f3 l\u00f3gica aplicada a sus datos.<\/li>\n<\/ol>\n\n\n\n<p>LEGITIMACI\u00d3N<\/p>\n\n\n\n<ol start=\"5\" class=\"wp-block-list\">\n<li>Legitimaci\u00f3n por ejecuci\u00f3n de un contrato:<br>Debido a que el tratamiento es necesario para la ejecuci\u00f3n de un contrato mercantil, en el que usted es parte , se hace constar que el tipo de contrato de que se trata, es el citado contrato mercantil o la relaci\u00f3n precontractual.<br>Como la comunicaci\u00f3n de datos personales es un requisito legal o contractual y un requisito necesario para suscribir el citado contrato, se informa al interesado que est\u00e1 obligado a facilitar los datos personales, y as\u00ed mismo que las consecuencias de no hacerlo pueden suponer la no prestaci\u00f3n del servicio solicitado.<\/li>\n<\/ol>\n\n\n\n<p>DESTINATARIOS<\/p>\n\n\n\n<ol start=\"6\" class=\"wp-block-list\">\n<li>Durante el periodo de duraci\u00f3n del tratamiento, ... no realizar\u00e1 ninguna cesi\u00f3n, salvo obligaci\u00f3n legal, ni tampoco transferencia alguna.<\/li>\n<\/ol>\n\n\n\n<p>DERECHOS<\/p>\n\n\n\n<p>El interesado puede ejercer los siguientes derechos:<br>Derecho a solicitar el acceso a sus datos personales.<br>Derecho a solicitar su rectificaci\u00f3n o supresi\u00f3n.<br>Derecho a solicitar la limitaci\u00f3n de su tratamiento.<br>Derecho a oponerse al tratamiento.<br>Derecho a la portabilidad de los datos.<br>Derecho a retirar el consentimiento prestado.<br>Cualquier persona tiene derecho a obtener confirmaci\u00f3n sobre si en la Entidad estamos tratando datos personales que les conciernen, o no. Las personas interesadas tienen derecho a acceder a sus datos personales, as\u00ed como a solicitar la rectificaci\u00f3n de los datos inexactos o, en su caso, solicitar su supresi\u00f3n cuando, entre otros motivos, los datos ya no sean necesarios para los fines que fueron recogidos.<\/p>\n\n\n\n<p>En determinadas circunstancias, los interesados podr\u00e1n solicitar la limitaci\u00f3n del tratamiento de sus datos, en cuyo caso \u00fanicamente los conservaremos para el ejercicio o la defensa de reclamaciones. En determinadas circunstancias y por motivos relacionados con su situaci\u00f3n particular, los interesados podr\u00e1n oponerse al tratamiento de sus datos. En este caso, la entidad, dejar\u00e1 de tratar los datos, salvo por motivos leg\u00edtimos imperiosos, o el ejercicio o la defensa de posibles reclamaciones.<\/p>\n\n\n\n<p>Si ha otorgado su consentimiento para alguna finalidad concreta, tiene derecho a retirar el consentimiento otorgado en cualquier momento, sin que ello afecte a la licitud del tratamiento basado en el consentimiento previo a su retirada.<br>Para ello podr\u00e1 emplear los formularios habilitados por la empresa, o bien dirigir un escrito a ... - ..., tambi\u00e9n puede enviar un email a: hola@revolutiontenerife.com.<\/p>\n\n\n\n<p>En caso de que sienta vulnerados sus derechos en lo concerniente a la protecci\u00f3n de sus datos personales, especialmente cuando no haya obtenido satisfacci\u00f3n en el ejercicio de sus derechos, puede presentar una reclamaci\u00f3n ante la Autoridad de Control en materia de Protecci\u00f3n de Datos competente a trav\u00e9s de su sitio web: www.agpd.es.<\/p>\n\n\n\n<p>En cumplimiento de lo prevenido en el art\u00edculo 21 de la Ley 34\/2002 de servicios de la sociedad de la informaci\u00f3n y comercio electr\u00f3nico, si usted no desea recibir m\u00e1s informaci\u00f3n sobre nuestros servicios, puede darse de baja en la siguiente direcci\u00f3n de correo electr\u00f3nico de la entidad, indicando en el asunto \"No enviar correos\".<\/p>\n\n\n\n<p>PROCEDENCIA DE LOS DATOS<br>Los datos personales que tratamos en ... proceden directamente de usted:<br>Las categor\u00edas de datos que se tratan son:<\/p>\n\n\n\n<p>Datos de identificaci\u00f3n<br>C\u00f3digos o claves de identificaci\u00f3n<br>Direcciones postales o electr\u00f3nicas<br>Informaci\u00f3n comercial<br>Datos econ\u00f3micos<br>No se tratan datos especialmente protegidos.<\/p>","protected":false},"excerpt":{"rendered":"<p>RESPONSABLE Datos de contacto del delegado en protecci\u00f3n de datos: No se dispone de Delegado. FINALIDADES CONSERVACI\u00d3N Los datos personales proporcionados se conservar\u00e1n mientras se mantenga la relaci\u00f3n con la entidad y no se solicite su supresi\u00f3n por el interesado, ser\u00e1n conservados conforme a los plazos legales establecidos en materia fiscal y contable, tomando como [...].<\/p>","protected":false},"author":2,"featured_media":0,"parent":0,"menu_order":0,"comment_status":"closed","ping_status":"closed","template":"","meta":{"footnotes":""},"class_list":["post-433","page","type-page","status-publish","hentry"],"yoast_head":"<!-- This site is optimized with the Yoast SEO plugin v27.4 - https:\/\/yoast.com\/product\/yoast-seo-wordpress\/ -->\n<title>Pol\u00edtica de privacidad - Revolution Tenerife<\/title>\n<meta name=\"robots\" content=\"index, follow, max-snippet:-1, max-image-preview:large, max-video-preview:-1\" \/>\n<link rel=\"canonical\" href=\"https:\/\/revolutiontenerife.com\/es\/politica-de-privacidad\/\" \/>\n<meta property=\"og:locale\" content=\"es_ES\" \/>\n<meta property=\"og:type\" content=\"article\" \/>\n<meta property=\"og:title\" content=\"Pol\u00edtica de privacidad - Revolution Tenerife\" \/>\n<meta property=\"og:description\" content=\"RESPONSABLE Datos de contacto del delegado en protecci\u00f3n de datos: No se dispone de Delegado. FINALIDADES CONSERVACI\u00d3N Los datos personales proporcionados se conservar\u00e1n mientras se mantenga la relaci\u00f3n con la entidad y no se solicite su supresi\u00f3n por el interesado, ser\u00e1n conservados conforme a los plazos legales establecidos en materia fiscal y contable, tomando como [&hellip;]\" \/>\n<meta property=\"og:url\" content=\"https:\/\/revolutiontenerife.com\/es\/politica-de-privacidad\/\" \/>\n<meta property=\"og:site_name\" content=\"Revolution Tenerife\" \/>\n<meta name=\"twitter:card\" content=\"summary_large_image\" \/>\n<meta name=\"twitter:label1\" content=\"Tiempo de lectura\" \/>\n\t<meta name=\"twitter:data1\" content=\"3 minutos\" \/>\n<script type=\"application\/ld+json\" class=\"yoast-schema-graph\">{\"@context\":\"https:\\\/\\\/schema.org\",\"@graph\":[{\"@type\":\"WebPage\",\"@id\":\"https:\\\/\\\/revolutiontenerife.com\\\/politica-de-privacidad\\\/\",\"url\":\"https:\\\/\\\/revolutiontenerife.com\\\/politica-de-privacidad\\\/\",\"name\":\"Pol\u00edtica de privacidad - Revolution Tenerife\",\"isPartOf\":{\"@id\":\"https:\\\/\\\/revolutiontenerife.com\\\/#website\"},\"datePublished\":\"2025-01-16T09:25:25+00:00\",\"breadcrumb\":{\"@id\":\"https:\\\/\\\/revolutiontenerife.com\\\/politica-de-privacidad\\\/#breadcrumb\"},\"inLanguage\":\"es\",\"potentialAction\":[{\"@type\":\"ReadAction\",\"target\":[\"https:\\\/\\\/revolutiontenerife.com\\\/politica-de-privacidad\\\/\"]}]},{\"@type\":\"BreadcrumbList\",\"@id\":\"https:\\\/\\\/revolutiontenerife.com\\\/politica-de-privacidad\\\/#breadcrumb\",\"itemListElement\":[{\"@type\":\"ListItem\",\"position\":1,\"name\":\"Portada\",\"item\":\"https:\\\/\\\/revolutiontenerife.com\\\/\"},{\"@type\":\"ListItem\",\"position\":2,\"name\":\"Pol\u00edtica de privacidad\"}]},{\"@type\":\"WebSite\",\"@id\":\"https:\\\/\\\/revolutiontenerife.com\\\/#website\",\"url\":\"https:\\\/\\\/revolutiontenerife.com\\\/\",\"name\":\"Revolution Tenerife\",\"description\":\"SOUND OF CREAM\",\"publisher\":{\"@id\":\"https:\\\/\\\/revolutiontenerife.com\\\/#organization\"},\"potentialAction\":[{\"@type\":\"SearchAction\",\"target\":{\"@type\":\"EntryPoint\",\"urlTemplate\":\"https:\\\/\\\/revolutiontenerife.com\\\/?s={search_term_string}\"},\"query-input\":{\"@type\":\"PropertyValueSpecification\",\"valueRequired\":true,\"valueName\":\"search_term_string\"}}],\"inLanguage\":\"es\"},{\"@type\":\"Organization\",\"@id\":\"https:\\\/\\\/revolutiontenerife.com\\\/#organization\",\"name\":\"Revolution Tenerife\",\"url\":\"https:\\\/\\\/revolutiontenerife.com\\\/\",\"logo\":{\"@type\":\"ImageObject\",\"inLanguage\":\"es\",\"@id\":\"https:\\\/\\\/revolutiontenerife.com\\\/#\\\/schema\\\/logo\\\/image\\\/\",\"url\":\"https:\\\/\\\/revolutiontenerife.com\\\/wp-content\\\/uploads\\\/2025\\\/01\\\/LOGO-REVOLUTION-TENERIFE00.png\",\"contentUrl\":\"https:\\\/\\\/revolutiontenerife.com\\\/wp-content\\\/uploads\\\/2025\\\/01\\\/LOGO-REVOLUTION-TENERIFE00.png\",\"width\":2672,\"height\":404,\"caption\":\"Revolution Tenerife\"},\"image\":{\"@id\":\"https:\\\/\\\/revolutiontenerife.com\\\/#\\\/schema\\\/logo\\\/image\\\/\"}}]}<\/script>\n<!-- \/ Yoast SEO plugin. -->","yoast_head_json":{"title":"Pol\u00edtica de privacidad - Revolution Tenerife","robots":{"index":"index","follow":"follow","max-snippet":"max-snippet:-1","max-image-preview":"max-image-preview:large","max-video-preview":"max-video-preview:-1"},"canonical":"https:\/\/revolutiontenerife.com\/es\/politica-de-privacidad\/","og_locale":"es_ES","og_type":"article","og_title":"Pol\u00edtica de privacidad - Revolution Tenerife","og_description":"RESPONSABLE Datos de contacto del delegado en protecci\u00f3n de datos: No se dispone de Delegado. FINALIDADES CONSERVACI\u00d3N Los datos personales proporcionados se conservar\u00e1n mientras se mantenga la relaci\u00f3n con la entidad y no se solicite su supresi\u00f3n por el interesado, ser\u00e1n conservados conforme a los plazos legales establecidos en materia fiscal y contable, tomando como [&hellip;]","og_url":"https:\/\/revolutiontenerife.com\/es\/politica-de-privacidad\/","og_site_name":"Revolution Tenerife","twitter_card":"summary_large_image","twitter_misc":{"Tiempo de lectura":"3 minutos"},"schema":{"@context":"https:\/\/schema.org","@graph":[{"@type":"WebPage","@id":"https:\/\/revolutiontenerife.com\/politica-de-privacidad\/","url":"https:\/\/revolutiontenerife.com\/politica-de-privacidad\/","name":"Pol\u00edtica de privacidad - Revolution Tenerife","isPartOf":{"@id":"https:\/\/revolutiontenerife.com\/#website"},"datePublished":"2025-01-16T09:25:25+00:00","breadcrumb":{"@id":"https:\/\/revolutiontenerife.com\/politica-de-privacidad\/#breadcrumb"},"inLanguage":"es","potentialAction":[{"@type":"ReadAction","target":["https:\/\/revolutiontenerife.com\/politica-de-privacidad\/"]}]},{"@type":"BreadcrumbList","@id":"https:\/\/revolutiontenerife.com\/politica-de-privacidad\/#breadcrumb","itemListElement":[{"@type":"ListItem","position":1,"name":"Portada","item":"https:\/\/revolutiontenerife.com\/"},{"@type":"ListItem","position":2,"name":"Pol\u00edtica de privacidad"}]},{"@type":"WebSite","@id":"https:\/\/revolutiontenerife.com\/#website","url":"https:\/\/revolutiontenerife.com\/","name":"Revoluci\u00f3n Tenerife","description":"SONIDO DE CREMA","publisher":{"@id":"https:\/\/revolutiontenerife.com\/#organization"},"potentialAction":[{"@type":"SearchAction","target":{"@type":"EntryPoint","urlTemplate":"https:\/\/revolutiontenerife.com\/?s={search_term_string}"},"query-input":{"@type":"PropertyValueSpecification","valueRequired":true,"valueName":"search_term_string"}}],"inLanguage":"es"},{"@type":"Organization","@id":"https:\/\/revolutiontenerife.com\/#organization","name":"Revoluci\u00f3n Tenerife","url":"https:\/\/revolutiontenerife.com\/","logo":{"@type":"ImageObject","inLanguage":"es","@id":"https:\/\/revolutiontenerife.com\/#\/schema\/logo\/image\/","url":"https:\/\/revolutiontenerife.com\/wp-content\/uploads\/2025\/01\/LOGO-REVOLUTION-TENERIFE00.png","contentUrl":"https:\/\/revolutiontenerife.com\/wp-content\/uploads\/2025\/01\/LOGO-REVOLUTION-TENERIFE00.png","width":2672,"height":404,"caption":"Revolution Tenerife"},"image":{"@id":"https:\/\/revolutiontenerife.com\/#\/schema\/logo\/image\/"}}]}},"_links":{"self":[{"href":"https:\/\/revolutiontenerife.com\/es\/wp-json\/wp\/v2\/pages\/433","targetHints":{"allow":["GET"]}}],"collection":[{"href":"https:\/\/revolutiontenerife.com\/es\/wp-json\/wp\/v2\/pages"}],"about":[{"href":"https:\/\/revolutiontenerife.com\/es\/wp-json\/wp\/v2\/types\/page"}],"author":[{"embeddable":true,"href":"https:\/\/revolutiontenerife.com\/es\/wp-json\/wp\/v2\/users\/2"}],"replies":[{"embeddable":true,"href":"https:\/\/revolutiontenerife.com\/es\/wp-json\/wp\/v2\/comments?post=433"}],"version-history":[{"count":0,"href":"https:\/\/revolutiontenerife.com\/es\/wp-json\/wp\/v2\/pages\/433\/revisions"}],"wp:attachment":[{"href":"https:\/\/revolutiontenerife.com\/es\/wp-json\/wp\/v2\/media?parent=433"}],"curies":[{"name":"wp","href":"https:\/\/api.w.org\/{rel}","templated":true}]}}