{"id":435,"date":"2025-01-16T09:27:38","date_gmt":"2025-01-16T09:27:38","guid":{"rendered":"https:\/\/revolutiontenerife.com\/?page_id=435"},"modified":"2025-01-16T09:27:38","modified_gmt":"2025-01-16T09:27:38","slug":"politica-de-cookies","status":"publish","type":"page","link":"https:\/\/revolutiontenerife.com\/es\/politica-de-cookies\/","title":{"rendered":"Pol\u00edtica de cookies"},"content":{"rendered":"<ol class=\"wp-block-list\">\n<li><strong>Uso de cookies<\/strong><\/li>\n<\/ol>\n\n\n\n<p>Uso de cookies<br>La p\u00e1gina web revolutiontenerife.com titularidad de ... utiliza cookies.<\/p>\n\n\n\n<p>Las cookies son ficheros que se descargan en su ordenador al acceder a determinadas p\u00e1ginas web. Las cookies permiten a una p\u00e1gina web, entre otras cosas, almacenar y recuperar informaci\u00f3n sobre los h\u00e1bitos de navegaci\u00f3n de un usuario o de su equipo y, dependiendo de la informaci\u00f3n que contengan y de la forma en que utilice su equipo. Adem\u00e1s, mejoran su proceso de navegaci\u00f3n, ya que permiten que la p\u00e1gina web ofrezca al usuario informaci\u00f3n que puede ser de su inter\u00e9s en funci\u00f3n del uso que realice, del contenido de la misma.<\/p>\n\n\n\n<p>En caso de no querer recibir cookies, por favor, configure su navegador de internet, para que las borre del disco duro de su ordenador, las bloquee o le avise en su caso de instalaci\u00f3n de las mismas. Para continuar sin cambios en la configuraci\u00f3n de las cookies, simplemente, contin\u00fae en la p\u00e1gina web.<\/p>\n\n\n\n<p>Consentimiento<br>Las cookies que utilizamos no almacenan dato personal alguno, ni ning\u00fan tipo de informaci\u00f3n que pueda identificarle, salvo que quieran registrarse de forma voluntaria con el fin de utilizar los servicios que ponemos a su disposici\u00f3n o de recibir informaci\u00f3n sobre promociones y contenidos de su inter\u00e9s.<\/p>\n\n\n\n<p>Al navegar y continuar en nuestra web nos indica que est\u00e1 consintiendo el uso de las cookies antes enunciadas, y en las condiciones contenidas en la presente pol\u00edtica de cookies. En caso de no estar de acuerdo env\u00ede un correo electr\u00f3nico a info@revolutiontenerife.com.<\/p>\n\n\n\n<p>C\u00f3mo bloquear o eliminar las cookies instaladas<br>Puede usted permitir, bloquear o eliminar las cookies instaladas en su equipo mediante la configuraci\u00f3n de las opciones de su navegador. Puede encontrar informaci\u00f3n sobre c\u00f3mo hacerlo, en relaci\u00f3n con los navegadores m\u00e1s comunes en los enlaces que se incluyen a continuaci\u00f3n:<\/p>\n\n\n\n<p>Explorador: https:\/\/support.microsoft.com\/es-es\/kb\/278835<\/p>\n\n\n\n<p>Cromo: http:\/\/support.google.com\/chrome\/bin\/answer.py?hl=es&amp;answer=95647<\/p>\n\n\n\n<p>Firefox: http:\/\/support.mozilla.org\/es\/kb\/Borrar%20cookies<\/p>\n\n\n\n<p>Safari: http:\/\/support.apple.com\/kb\/ph5042<\/p>\n\n\n\n<p>Le informamos, no obstante, de la posibilidad de que la desactivaci\u00f3n de alguna cookie impida o dificulte la navegaci\u00f3n o la prestaci\u00f3n de los servicios ofrecidos en la p\u00e1gina web.<\/p>\n\n\n\n<p>revolutiontenerife.com titularidad de ... puede modificar esta pol\u00edtica de cookies en funci\u00f3n de las exigencias legales. O con la finalidad de adaptar dicha pol\u00edtica a las instrucciones dictadas por la Agencia Espa\u00f1ola de Protecci\u00f3n de Datos.<br>Por esta raz\u00f3n, aconsejamos a los usuarios que la visiten peri\u00f3dicamente. Cuando se produzcan cambios significativos en esta pol\u00edtica de cookies, se comunicar\u00e1n a los usuarios, bien mediante la web o a trav\u00e9s de correo electr\u00f3nico a los usuarios registrados.<\/p>\n\n\n\n<p><\/p>","protected":false},"excerpt":{"rendered":"<p>Uso de cookiesLa p\u00e1gina web revolutiontenerife.com titularidad de ... utiliza cookies. Las cookies son ficheros que se descargan en su ordenador al acceder a determinadas p\u00e1ginas web. Las cookies permiten a una p\u00e1gina web, entre otras cosas, almacenar y recuperar informaci\u00f3n sobre los h\u00e1bitos de navegaci\u00f3n de un usuario o de su equipo y, dependiendo [...]<\/p>","protected":false},"author":2,"featured_media":0,"parent":0,"menu_order":0,"comment_status":"closed","ping_status":"closed","template":"","meta":{"footnotes":""},"class_list":["post-435","page","type-page","status-publish","hentry"],"yoast_head":"<!-- This site is optimized with the Yoast SEO plugin v27.4 - https:\/\/yoast.com\/product\/yoast-seo-wordpress\/ -->\n<title>Pol\u00edtica de cookies - Revolution Tenerife<\/title>\n<meta name=\"robots\" content=\"index, follow, max-snippet:-1, max-image-preview:large, max-video-preview:-1\" \/>\n<link rel=\"canonical\" href=\"https:\/\/revolutiontenerife.com\/es\/politica-de-cookies\/\" \/>\n<meta property=\"og:locale\" content=\"es_ES\" \/>\n<meta property=\"og:type\" content=\"article\" \/>\n<meta property=\"og:title\" content=\"Pol\u00edtica de cookies - Revolution Tenerife\" \/>\n<meta property=\"og:description\" content=\"Uso de cookiesLa p\u00e1gina web revolutiontenerife.com titularidad de \u2026 utiliza cookies. Las cookies son ficheros que se descargan en su ordenador al acceder a determinadas p\u00e1ginas web. Las cookies permiten a una p\u00e1gina web, entre otras cosas, almacenar y recuperar informaci\u00f3n sobre los h\u00e1bitos de navegaci\u00f3n de un usuario o de su equipo y, dependiendo [&hellip;]\" \/>\n<meta property=\"og:url\" content=\"https:\/\/revolutiontenerife.com\/es\/politica-de-cookies\/\" \/>\n<meta property=\"og:site_name\" content=\"Revolution Tenerife\" \/>\n<meta name=\"twitter:card\" content=\"summary_large_image\" \/>\n<meta name=\"twitter:label1\" content=\"Tiempo de lectura\" \/>\n\t<meta name=\"twitter:data1\" content=\"2 minutos\" \/>\n<script type=\"application\/ld+json\" class=\"yoast-schema-graph\">{\"@context\":\"https:\\\/\\\/schema.org\",\"@graph\":[{\"@type\":\"WebPage\",\"@id\":\"https:\\\/\\\/revolutiontenerife.com\\\/politica-de-cookies\\\/\",\"url\":\"https:\\\/\\\/revolutiontenerife.com\\\/politica-de-cookies\\\/\",\"name\":\"Pol\u00edtica de cookies - Revolution Tenerife\",\"isPartOf\":{\"@id\":\"https:\\\/\\\/revolutiontenerife.com\\\/#website\"},\"datePublished\":\"2025-01-16T09:27:38+00:00\",\"breadcrumb\":{\"@id\":\"https:\\\/\\\/revolutiontenerife.com\\\/politica-de-cookies\\\/#breadcrumb\"},\"inLanguage\":\"es\",\"potentialAction\":[{\"@type\":\"ReadAction\",\"target\":[\"https:\\\/\\\/revolutiontenerife.com\\\/politica-de-cookies\\\/\"]}]},{\"@type\":\"BreadcrumbList\",\"@id\":\"https:\\\/\\\/revolutiontenerife.com\\\/politica-de-cookies\\\/#breadcrumb\",\"itemListElement\":[{\"@type\":\"ListItem\",\"position\":1,\"name\":\"Portada\",\"item\":\"https:\\\/\\\/revolutiontenerife.com\\\/\"},{\"@type\":\"ListItem\",\"position\":2,\"name\":\"Pol\u00edtica de cookies\"}]},{\"@type\":\"WebSite\",\"@id\":\"https:\\\/\\\/revolutiontenerife.com\\\/#website\",\"url\":\"https:\\\/\\\/revolutiontenerife.com\\\/\",\"name\":\"Revolution Tenerife\",\"description\":\"SOUND OF CREAM\",\"publisher\":{\"@id\":\"https:\\\/\\\/revolutiontenerife.com\\\/#organization\"},\"potentialAction\":[{\"@type\":\"SearchAction\",\"target\":{\"@type\":\"EntryPoint\",\"urlTemplate\":\"https:\\\/\\\/revolutiontenerife.com\\\/?s={search_term_string}\"},\"query-input\":{\"@type\":\"PropertyValueSpecification\",\"valueRequired\":true,\"valueName\":\"search_term_string\"}}],\"inLanguage\":\"es\"},{\"@type\":\"Organization\",\"@id\":\"https:\\\/\\\/revolutiontenerife.com\\\/#organization\",\"name\":\"Revolution Tenerife\",\"url\":\"https:\\\/\\\/revolutiontenerife.com\\\/\",\"logo\":{\"@type\":\"ImageObject\",\"inLanguage\":\"es\",\"@id\":\"https:\\\/\\\/revolutiontenerife.com\\\/#\\\/schema\\\/logo\\\/image\\\/\",\"url\":\"https:\\\/\\\/revolutiontenerife.com\\\/wp-content\\\/uploads\\\/2025\\\/01\\\/LOGO-REVOLUTION-TENERIFE00.png\",\"contentUrl\":\"https:\\\/\\\/revolutiontenerife.com\\\/wp-content\\\/uploads\\\/2025\\\/01\\\/LOGO-REVOLUTION-TENERIFE00.png\",\"width\":2672,\"height\":404,\"caption\":\"Revolution Tenerife\"},\"image\":{\"@id\":\"https:\\\/\\\/revolutiontenerife.com\\\/#\\\/schema\\\/logo\\\/image\\\/\"}}]}<\/script>\n<!-- \/ Yoast SEO plugin. -->","yoast_head_json":{"title":"Pol\u00edtica de cookies - Revolution Tenerife","robots":{"index":"index","follow":"follow","max-snippet":"max-snippet:-1","max-image-preview":"max-image-preview:large","max-video-preview":"max-video-preview:-1"},"canonical":"https:\/\/revolutiontenerife.com\/es\/politica-de-cookies\/","og_locale":"es_ES","og_type":"article","og_title":"Pol\u00edtica de cookies - Revolution Tenerife","og_description":"Uso de cookiesLa p\u00e1gina web revolutiontenerife.com titularidad de \u2026 utiliza cookies. Las cookies son ficheros que se descargan en su ordenador al acceder a determinadas p\u00e1ginas web. Las cookies permiten a una p\u00e1gina web, entre otras cosas, almacenar y recuperar informaci\u00f3n sobre los h\u00e1bitos de navegaci\u00f3n de un usuario o de su equipo y, dependiendo [&hellip;]","og_url":"https:\/\/revolutiontenerife.com\/es\/politica-de-cookies\/","og_site_name":"Revolution Tenerife","twitter_card":"summary_large_image","twitter_misc":{"Tiempo de lectura":"2 minutos"},"schema":{"@context":"https:\/\/schema.org","@graph":[{"@type":"WebPage","@id":"https:\/\/revolutiontenerife.com\/politica-de-cookies\/","url":"https:\/\/revolutiontenerife.com\/politica-de-cookies\/","name":"Pol\u00edtica de cookies - Revolution Tenerife","isPartOf":{"@id":"https:\/\/revolutiontenerife.com\/#website"},"datePublished":"2025-01-16T09:27:38+00:00","breadcrumb":{"@id":"https:\/\/revolutiontenerife.com\/politica-de-cookies\/#breadcrumb"},"inLanguage":"es","potentialAction":[{"@type":"ReadAction","target":["https:\/\/revolutiontenerife.com\/politica-de-cookies\/"]}]},{"@type":"BreadcrumbList","@id":"https:\/\/revolutiontenerife.com\/politica-de-cookies\/#breadcrumb","itemListElement":[{"@type":"ListItem","position":1,"name":"Portada","item":"https:\/\/revolutiontenerife.com\/"},{"@type":"ListItem","position":2,"name":"Pol\u00edtica de cookies"}]},{"@type":"WebSite","@id":"https:\/\/revolutiontenerife.com\/#website","url":"https:\/\/revolutiontenerife.com\/","name":"Revoluci\u00f3n Tenerife","description":"SONIDO DE CREMA","publisher":{"@id":"https:\/\/revolutiontenerife.com\/#organization"},"potentialAction":[{"@type":"SearchAction","target":{"@type":"EntryPoint","urlTemplate":"https:\/\/revolutiontenerife.com\/?s={search_term_string}"},"query-input":{"@type":"PropertyValueSpecification","valueRequired":true,"valueName":"search_term_string"}}],"inLanguage":"es"},{"@type":"Organization","@id":"https:\/\/revolutiontenerife.com\/#organization","name":"Revoluci\u00f3n Tenerife","url":"https:\/\/revolutiontenerife.com\/","logo":{"@type":"ImageObject","inLanguage":"es","@id":"https:\/\/revolutiontenerife.com\/#\/schema\/logo\/image\/","url":"https:\/\/revolutiontenerife.com\/wp-content\/uploads\/2025\/01\/LOGO-REVOLUTION-TENERIFE00.png","contentUrl":"https:\/\/revolutiontenerife.com\/wp-content\/uploads\/2025\/01\/LOGO-REVOLUTION-TENERIFE00.png","width":2672,"height":404,"caption":"Revolution Tenerife"},"image":{"@id":"https:\/\/revolutiontenerife.com\/#\/schema\/logo\/image\/"}}]}},"_links":{"self":[{"href":"https:\/\/revolutiontenerife.com\/es\/wp-json\/wp\/v2\/pages\/435","targetHints":{"allow":["GET"]}}],"collection":[{"href":"https:\/\/revolutiontenerife.com\/es\/wp-json\/wp\/v2\/pages"}],"about":[{"href":"https:\/\/revolutiontenerife.com\/es\/wp-json\/wp\/v2\/types\/page"}],"author":[{"embeddable":true,"href":"https:\/\/revolutiontenerife.com\/es\/wp-json\/wp\/v2\/users\/2"}],"replies":[{"embeddable":true,"href":"https:\/\/revolutiontenerife.com\/es\/wp-json\/wp\/v2\/comments?post=435"}],"version-history":[{"count":0,"href":"https:\/\/revolutiontenerife.com\/es\/wp-json\/wp\/v2\/pages\/435\/revisions"}],"wp:attachment":[{"href":"https:\/\/revolutiontenerife.com\/es\/wp-json\/wp\/v2\/media?parent=435"}],"curies":[{"name":"wp","href":"https:\/\/api.w.org\/{rel}","templated":true}]}}